{"id":1886,"date":"2022-12-12T20:23:58","date_gmt":"2022-12-12T19:23:58","guid":{"rendered":"https:\/\/www.webodesign.net\/?page_id=1886"},"modified":"2023-01-06T15:36:35","modified_gmt":"2023-01-06T14:36:35","slug":"achat-dun-nom-de-domaine-et-passage-en-https","status":"publish","type":"page","link":"https:\/\/www.webodesign.net\/?page_id=1886","title":{"rendered":"Achat d&rsquo;un nom de domaine et passage en Https"},"content":{"rendered":"\n<div class=\"wp-block-uagb-container uagb-block-b26793fa alignfull uagb-is-root-container\"><div class=\"uagb-container-inner-blocks-wrap\">\n<div class=\"wp-block-uagb-container uagb-block-a707b46d\">\n<div class=\"wp-block-uagb-advanced-heading uagb-block-596746ed\"><p class=\"uagb-heading-text\">Achat d&rsquo;un nom de domaine<br>S\u00e9curisation d&rsquo;Apache avec le certificat SSL<br>Passage en d&rsquo;http en https<\/p><\/div>\n<\/div>\n\n\n\n<div class=\"wp-block-group is-layout-constrained\" style=\"border-style:none;border-width:0px;border-radius:0px\">\t\t\t\t<div class=\"wp-block-uagb-table-of-contents uagb-toc__align-left uagb-toc__columns-1  uagb-block-6d278739     \"\n\t\t\t\t\tdata-scroll= \"1\"\n\t\t\t\t\tdata-offset= \"30\"\n\t\t\t\t\tstyle=\"\"\n\t\t\t\t>\n\t\t\t\t<div class=\"uagb-toc__wrap\">\n\t\t\t\t\t\t<div class=\"uagb-toc__title\">\n\t\t\t\t\t\t\tSommaire\t\t\t\t\t\t<\/div>\n\t\t\t\t\t\t\t\t\t\t\t\t\t\t\t\t<div class=\"uagb-toc__list-wrap\">\n\t\t\t\t\t\t<ol class=\"uagb-toc__list\"><li class=\"uagb-toc__list\"><a href=\"#achat-dun-nom-de-domaine\" class=\"uagb-toc-link__trigger\">Achat d&#039;un nom de domaine<\/a><li class=\"uagb-toc__list\"><a href=\"#s\u00e9curisation-dapache-avec-le-certificat-ssl-gratuit-de-lets-encrypt\" class=\"uagb-toc-link__trigger\">S\u00e9curisation d&#039;Apache avec le certificat SSL gratuit de Let&#039;s Encrypt<\/a><li class=\"uagb-toc__list\"><a href=\"#prise-en-compte-du-nom-de-domaine-dans-apache\" class=\"uagb-toc-link__trigger\">Prise en compte du nom de domaine dans Apache<\/a><\/ol>\t\t\t\t\t<\/div>\n\t\t\t\t\t\t\t\t\t<\/div>\n\t\t\t\t<\/div>\n\t\t\t<\/div>\n\n\n\n<div class=\"wp-block-columns is-layout-flex wp-container-11\" style=\"padding-top:0px;padding-right:0px;padding-bottom:0px;padding-left:0px\">\n<div class=\"wp-block-column is-layout-constrained wp-container-9\">\n<div class=\"wp-block-group is-layout-flow\">\n<p>Intro s&rsquo;il en faut<\/p>\n\n\n\n<h4 class=\"has-text-color wp-block-heading\" id=\"1-i-achat-nom-de-domaine\" style=\"color:#fffdf8;margin-top:0;margin-right:0;margin-bottom:0;margin-left:0;padding-top:0;padding-right:0;padding-bottom:0;padding-left:0;font-size:19px\">Achat d&rsquo;un nom de domaine<\/h4>\n\n\n\n<div class=\"wp-block-group has-border-color has-vivid-cyan-blue-border-color has-background is-layout-flow\" style=\"border-style:dotted;border-width:2px;border-radius:8px;background-color:#fffdf8;padding-right:7px;padding-bottom:15px;padding-left:7px\">\n<div class=\"qubely-block-accordion  qubely-block-d34844\" data-item-toggle=\"true\">\n<div class=\"wp-block-qubely-accordion-item qubely-block-3ce88a\"><div class=\"qubely-accordion-item qubely-type-fill qubely-accordion-active\"><div class=\"qubely-accordion-panel qubely-icon-position-right\"><span class=\"qubely-accordion-panel-handler\" role=\"button\"><span class=\"qubely-accordion-panel-handler-label\">Achat d&rsquo;un nom de domaine<\/span><span class=\"qubely-accordion-icon fa fa-plus\"><\/span><\/span><\/div><div class=\"qubely-accordion-body\" style=\"display:block\"><div itemprop=\"text\">\n<p><strong>Nous allons installer PhpMyAdmin sur un serveur Debian 11 (<a href=\"https:\/\/www.it-connect.fr\/cours-tutoriels\/administration-systemes\/linux\/\">Linux<\/a>) avec <a href=\"https:\/\/www.it-connect.fr\/cours-tutoriels\/administration-systemes\/serveur-web\/apache\/\">Apache<\/a>.<\/strong> Cette proc\u00e9dure \u00e9tape par \u00e9tape part du principe que vous disposez d\u00e9j\u00e0 d&rsquo;un socle LAMP op\u00e9rationnel, c&rsquo;est-\u00e0-dire qu&rsquo;Apache, MySQL\/MariaDB et PHP sont d\u00e9j\u00e0 en place sur la machine.<\/p>\n\n\n\n<div class=\"wp-block-columns is-layout-flex wp-container-4\">\n<div class=\"wp-block-column is-layout-flow\" style=\"flex-basis:65%\">\n<p>Sur le site <a href=\"https:\/\/www.gandi.net\/fr\">https:\/\/www.gandi.net\/fr<\/a>\/ se connecter avec les param\u00e8tres suivants :<\/p>\n\n\n\n<ul>\n<li>Nom de domaine : webodesign.net<\/li>\n\n\n\n<li>Id : votre_id<\/li>\n\n\n\n<li>Passw : votre_mot_de_passe<\/li>\n<\/ul>\n\n\n\n<p>param\u00e8tres sont les suivants :<br>2 boites mail de 3Go<br>Alias et redirections illimit\u00e9s<br>1 certificat SSL Standard pour un an<br>Serveurs de nom LiveDNS (Anycast + DNSSEC)<br>N\u00b0 de transaction : 88965135<\/p>\n<\/div>\n\n\n\n<div class=\"wp-block-column is-vertically-aligned-top is-layout-flow\">\n<figure class=\"wp-block-image size-full\"><img decoding=\"async\" loading=\"lazy\" width=\"443\" height=\"357\" src=\"https:\/\/www.webodesign.net\/wp-content\/uploads\/2022\/12\/achat-domaine-certificat-ssl-01.png\" alt=\"\" class=\"wp-image-1888\" srcset=\"https:\/\/www.webodesign.net\/wp-content\/uploads\/2022\/12\/achat-domaine-certificat-ssl-01.png 443w, https:\/\/www.webodesign.net\/wp-content\/uploads\/2022\/12\/achat-domaine-certificat-ssl-01-300x242.png 300w\" sizes=\"(max-width: 443px) 100vw, 443px\" \/><\/figure>\n<\/div>\n<\/div>\n\n\n\n<p>Dans le panneau de configuration :<\/p>\n\n\n\n<ul>\n<li>Dans \u00ab\u00a0Nom de Domaine\u00a0\u00bb<\/li>\n\n\n\n<li>S\u00e9lectionner \u00ab\u00a0Enregistrement DNS\u00a0\u00bb<\/li>\n\n\n\n<li>Pour Nom : @ \/ Type : A, entrer dans le champ valeur l&rsquo;adresse ip du serveur : 38.242.201.83<\/li>\n\n\n\n<li>Pour Nom : www \/ Type : CNAME, entrer \u00ab\u00a0webodesign.net.\u00a0\u00bb<\/li>\n\n\n\n<li>Valider<\/li>\n<\/ul>\n\n\n\n<figure class=\"wp-block-image size-large\"><img decoding=\"async\" loading=\"lazy\" width=\"1024\" height=\"388\" src=\"https:\/\/www.webodesign.net\/wp-content\/uploads\/2022\/12\/achat-domaine-certificat-ssl-02-1024x388.png\" alt=\"\" class=\"wp-image-1889\" srcset=\"https:\/\/www.webodesign.net\/wp-content\/uploads\/2022\/12\/achat-domaine-certificat-ssl-02-1024x388.png 1024w, https:\/\/www.webodesign.net\/wp-content\/uploads\/2022\/12\/achat-domaine-certificat-ssl-02-300x114.png 300w, https:\/\/www.webodesign.net\/wp-content\/uploads\/2022\/12\/achat-domaine-certificat-ssl-02-768x291.png 768w, https:\/\/www.webodesign.net\/wp-content\/uploads\/2022\/12\/achat-domaine-certificat-ssl-02.png 1189w\" sizes=\"(max-width: 1024px) 100vw, 1024px\" \/><\/figure>\n\n\n\n<figure class=\"wp-block-image size-full\"><img decoding=\"async\" loading=\"lazy\" width=\"591\" height=\"36\" src=\"https:\/\/www.webodesign.net\/wp-content\/uploads\/2022\/12\/achat-domaine-certificat-ssl-03.png\" alt=\"\" class=\"wp-image-1890\" srcset=\"https:\/\/www.webodesign.net\/wp-content\/uploads\/2022\/12\/achat-domaine-certificat-ssl-03.png 591w, https:\/\/www.webodesign.net\/wp-content\/uploads\/2022\/12\/achat-domaine-certificat-ssl-03-300x18.png 300w\" sizes=\"(max-width: 591px) 100vw, 591px\" \/><\/figure>\n\n\n\n<p>Attendre quelques minutes. D\u00e9sormais, lorsque l&rsquo;on veut se connecter au site on peut saisir l&rsquo;adresse : \u00ab\u00a0webodesign.net\u00a0\u00bb ou www.webodesign.net<\/p>\n<\/div><\/div><\/div><\/div>\n<\/div>\n<\/div>\n\n\n\n<p>Le probl\u00e8me est que la session de dialogue entre serveur et client n&rsquo;est pas chiffr\u00e9e et cela pose de nombreux probl\u00e8mes. Le plus sensible est lorsque l&rsquo;on veut se connecter aux sessions d&rsquo;administration, mais encore lorsque des utilisateurs inscrits voudrons se connecter dans leur session : les mots de passe pourront \u00eatre intercept\u00e9s en dur. On est en http simple sur le port 80 et les transactions ne sont pas crypt\u00e9es.<\/p>\n\n\n\n<p>On va donc cr\u00e9er un syst\u00e8me de certificats avec cl\u00e9 de protection autosign\u00e9e, ce qui va permettre de passer en https.<\/p>\n\n\n\n<h4 class=\"has-text-color wp-block-heading\" id=\"2-ii-installation-de-phpmyadmin\" style=\"color:#fffdf8;margin-top:0;margin-right:0;margin-bottom:0;margin-left:0;padding-top:0;padding-right:0;padding-bottom:0;padding-left:0;font-size:1px\">S\u00e9curisation d&rsquo;Apache avec le certificat SSL gratuit de Let&rsquo;s Encrypt<\/h4>\n\n\n\n<div class=\"wp-block-group has-border-color has-vivid-cyan-blue-border-color has-background is-layout-flow\" style=\"border-style:dotted;border-width:2px;border-radius:8px;background-color:#fffdf8;padding-right:7px;padding-bottom:15px;padding-left:7px\">\n<div class=\"qubely-block-accordion  qubely-block-d34844\" data-item-toggle=\"true\">\n<div class=\"wp-block-qubely-accordion-item qubely-block-a1591b\"><div class=\"qubely-accordion-item qubely-type-fill qubely-accordion-active\"><div class=\"qubely-accordion-panel qubely-icon-position-right\"><span class=\"qubely-accordion-panel-handler\" role=\"button\"><span class=\"qubely-accordion-panel-handler-label\">S\u00e9curisation d&rsquo;Apache avec le certificat SSL gratuit de Let&rsquo;s Encrypt<\/span><span class=\"qubely-accordion-icon fa fa-plus\"><\/span><\/span><\/div><div class=\"qubely-accordion-body\" style=\"display:block\"><div itemprop=\"text\">\n<p>On veut ex\u00e9cuter Apache sur <strong>HTTPS \u00e0 l&rsquo;aide d&rsquo;un certificat SSL<\/strong>. La meilleure fa\u00e7on de le faire est d&rsquo;utiliser <strong>Chiffrons,<\/strong> une autorit\u00e9 de certification gratuite, automatis\u00e9e et ouverte g\u00e9r\u00e9e par le <strong>Groupe de recherche sur la s\u00e9curit\u00e9 Internet (ISRG) \u00e0 but non lucratif<\/strong>.<\/p>\n\n\n\n<ul>\n<li>On ouvre une session sur PuTTY, sous l&rsquo;utilisateur remi.<\/li>\n\n\n\n<li>On met \u00e0 jour le syst\u00e8me : <br><code>sudo apt update<\/code> puis <code>sudo apt upgrade<\/code> si des mises \u00e0 jou ont \u00e9t\u00e9 t\u00e9l\u00e9charg\u00e9es.<\/li>\n\n\n\n<li>Installation du paquet certbot : <br><kbd><span style=\"color: #696666;\" data=\"#696666\" class=\"qubely-text-has-color\"><code>sudo apt install python3-certbot-apache -y<\/code><\/span><\/kbd><\/li>\n\n\n\n<li>Une fois install\u00e9, ex\u00e9cuter la commande suivante pour lancer la cr\u00e9ation de votre certificat :<br><code>sudo certbot --apache --agree-tos --redirect --hsts --staple-ocsp --email angelfree@9online.fr -d &lt;a href=&quot;http:\/\/www.webodesign.net&quot;&gt;www.webodesign.net&lt;\/a&gt;<\/code><\/li>\n<\/ul>\n\n\n\n<pre class=\"wp-block-code\"><code lang=\"bash\" class=\"language-bash\">sudo apt update &amp; upgrade\nsudo apt install python3-certbot-apache -y\nsudo certbot --apache --agree-tos --redirect --hsts --staple-ocsp --email angelfree@9online.fr -d www.webodesign.net<\/code><\/pre>\n\n\n\n<p>Il s&rsquo;agit de la configuration id\u00e9ale qui inclut les redirections HTTPS 301 forc\u00e9es, l&rsquo;en-t\u00eate Strict-Transport-Security et l&rsquo;agrafage OCSP. <\/p>\n\n\n\n<p>Maintenant, l&rsquo;adresse URL du site sera https:\/\/www.webodesign.net au lieu de http:\/\/www.webodesign.net. Remarque, si l&rsquo;on voulait utiliser l&rsquo;ancienne&nbsp;<strong>URL HTTP<\/strong>, nous serions automatiquement redirig\u00e9 vers&nbsp;<strong>HTTPS<\/strong>.<\/p>\n<\/div><\/div><\/div><\/div>\n<\/div>\n<\/div>\n\n\n\n<p>Prise en compte du nom de domaine dans Apache<\/p>\n\n\n\n<h4 class=\"has-text-color wp-block-heading\" id=\"3-iii-cr%C3%A9ation-dun-admin-pour-phpmyadmin\" style=\"color:#fffdf8;padding-top:0;padding-right:0;padding-bottom:0;padding-left:0;font-size:1px\">Prise en compte du nom de domaine dans Apache<\/h4>\n\n\n\n<div class=\"wp-block-group has-border-color has-vivid-cyan-blue-border-color has-background is-layout-flow\" style=\"border-style:dotted;border-width:2px;border-radius:8px;background-color:#fffdf8;padding-right:7px;padding-bottom:15px;padding-left:7px\">\n<div class=\"qubely-block-accordion  qubely-block-d34844\" data-item-toggle=\"true\">\n<div class=\"wp-block-qubely-accordion-item qubely-block-44ebdd\"><div class=\"qubely-accordion-item qubely-type-fill qubely-accordion-active\"><div class=\"qubely-accordion-panel qubely-icon-position-right\"><span class=\"qubely-accordion-panel-handler\" role=\"button\"><span class=\"qubely-accordion-panel-handler-label\">Prise en compte du nom de domaine dans Apache<\/span><span class=\"qubely-accordion-icon fa fa-plus\"><\/span><\/span><\/div><div class=\"qubely-accordion-body\" style=\"display:block\"><div itemprop=\"text\">\n<p>Lorsque l&rsquo;on a install\u00e9 WordPress, on n&rsquo;avait pas encore cr\u00e9\u00e9 notre nom de domaine, et on avait renseign\u00e9 l&rsquo;adresse IP du serveur Contabo.<\/p>\n\n\n\n<p>&nbsp;Ainsi, m\u00eame si on se connecte en https sur la page d&rsquo;accueil, les liens dans la page pointent sur l&rsquo;adresse IP 38.242.201.85.<\/p>\n\n\n\n<p>Pour corriger ce probl\u00e8me, il faut renseigner les valeurs d&rsquo;alias dans le fichier \u00ab\u00a0wp-config.php\u00a0\u00bb situ\u00e9 dans le r\u00e9pertoire racine de notre site WordPress. Dans le fichier wp-config.php, ajouter ces deux lignes au-dessus de la ligne de commentaire contenant les mots \u00ab\u00a0That&rsquo;s all, stop Editing!\u00a0\u00bb :<\/p>\n\n\n\n<ul class=\"has-text-color has-source-serif-pro-font-family\" style=\"color:#a2a2b5\">\n<li>cd \/var\/www\/html\/<\/li>\n\n\n\n<li>nano wp-config.php<\/li>\n\n\n\n<li>define( &lsquo;WP_HOME&rsquo;, &lsquo;https:\/\/www.webodesign.net&rsquo; );<\/li>\n\n\n\n<li>define( &lsquo;WP_SITEURL&rsquo;, \u2018http:\/\/www.webodesign.net&rsquo; );<\/li>\n\n\n\n<li>Ctrl+O, puis Ctrl+X pour sauvegarder et quitter.<\/li>\n\n\n\n<li>On red\u00e9mare le serveur Apache pour prendre en compte les mofification : sudo systemctl restart apache2<\/li>\n<\/ul>\n\n\n\n<figure class=\"wp-block-image size-full\"><img decoding=\"async\" loading=\"lazy\" width=\"675\" height=\"249\" src=\"https:\/\/www.webodesign.net\/wp-content\/uploads\/2022\/12\/achat-domaine-certificat-ssl-04.png\" alt=\"\" class=\"wp-image-1891\" srcset=\"https:\/\/www.webodesign.net\/wp-content\/uploads\/2022\/12\/achat-domaine-certificat-ssl-04.png 675w, https:\/\/www.webodesign.net\/wp-content\/uploads\/2022\/12\/achat-domaine-certificat-ssl-04-300x111.png 300w\" sizes=\"(max-width: 675px) 100vw, 675px\" \/><\/figure>\n\n\n\n<p><a href=\"https:\/\/www.linuxcapable.com\/fr\/comment-installer-configurer-apache-avec-permet-de-crypter-tls-ssl-sur-debian-11-bullseye\/\"><em>Cliquer pour acc\u00e9der \u00e0 la source internet<\/em><\/a><\/p>\n<\/div><\/div><\/div><\/div>\n<\/div>\n<\/div>\n<\/div>\n<\/div>\n\n\n\n<div class=\"wp-block-column is-layout-flow\" style=\"flex-basis:22%\">\n\n<div class=\"cleanlogin-container\">\t\t\n\n\t<form class=\"cleanlogin-form\" method=\"post\" action=\"https:\/\/www.webodesign.net\/?page_id=2385\" onsubmit=\"submit.disabled = true; return true;\">\n\t\t\t\n\t\t<fieldset>\n\n\t\t\t\t\t\t<div class=\"cleanlogin-field\">\n                <label for=\"log\">Identifiant<\/label>\n\t\t\t\t<input class=\"cleanlogin-field-username\" type=\"text\" name=\"log\" placeholder=\"Identifiant\" aria-label=\"Identifiant\">\n\t\t\t<\/div>\n\t\t\t\n\t\t\t<div class=\"cleanlogin-field\">\n                <label for=\"pwd\">Mot de passe<\/label>\n\t\t\t\t<input class=\"cleanlogin-field-password\" type=\"password\" id=\"pwd\" name=\"pwd\" placeholder=\"Mot de passe\" aria-label=\"Mot de passe\">\n                <i class=\"bi bi-eye-slash\" id=\"togglePassword\"><\/i>\n\t\t\t<\/div>\n\n\t\t\t\t\t\n\t\t\t<input type=\"hidden\" name=\"clean_login_wpnonce\" value=\"e994c14fba\">\n            \n\t\t\t\t\t<\/fieldset>\n\t\t\n\t\t<fieldset>\n\t\t\t<input class=\"cleanlogin-field\" type=\"submit\" value=\"Se connecter\" name=\"submit\">\n\t\t\t<input type=\"hidden\" name=\"action\" value=\"login\">\n\t\t\t\n\t\t\t<div class=\"cleanlogin-field cleanlogin-field-remember\">\n\t\t\t\t<input type=\"checkbox\" id=\"rememberme\" name=\"rememberme\" value=\"forever\">\n\t\t\t\t<label for=\"rememberme\">Se souvenir de moi\u00a0?<\/label>\n\t\t\t<\/div>\n\t\t<\/fieldset>\n\n\t\t\n\t\t<div class=\"cleanlogin-form-bottom\">\n\t\t\t\n            \n\t\t\t\t\t\t\t\t\t\n\t\t<\/div>\n\t\t\n\t<\/form>\n\n<\/div>\n\n<script>\nconst togglePassword = document.querySelector('#togglePassword');\nconst password = document.querySelector('#pwd');\n\ntogglePassword.addEventListener('click', function (e) {\n    const type = password.getAttribute('type') === 'password' ? 'text' : 'password';\n    password.setAttribute('type', type);\n    this.classList.toggle('bi-eye');\n});\n<\/script>\n<\/div>\n<\/div>\n<\/div><\/div>\n","protected":false},"excerpt":{"rendered":"<p>Achat d&rsquo;un nom de domaineS\u00e9curisation d&rsquo;Apache avec le certificat SSLPassage en d&rsquo;http en https Intro s&rsquo;il en faut Achat d&rsquo;un nom de domaine Le probl\u00e8me est que la session de dialogue entre serveur et client n&rsquo;est pas chiffr\u00e9e et cela pose de nombreux probl\u00e8mes. Le plus sensible est lorsque l&rsquo;on veut se connecter aux sessions [&hellip;]<\/p>\n","protected":false},"author":3,"featured_media":0,"parent":658,"menu_order":7,"comment_status":"closed","ping_status":"closed","template":"","meta":{"qubely_global_settings":"","qubely_interactions":"","_uag_custom_page_level_css":""},"uagb_featured_image_src":{"full":false,"thumbnail":false,"medium":false,"medium_large":false,"large":false,"1536x1536":false,"2048x2048":false,"qubely_landscape":false,"qubely_portrait":false,"qubely_thumbnail":false},"uagb_author_info":{"display_name":"R\u00e9mi","author_link":"https:\/\/www.webodesign.net\/?author=3"},"uagb_comment_info":0,"uagb_excerpt":"Achat d&rsquo;un nom de domaineS\u00e9curisation d&rsquo;Apache avec le certificat SSLPassage en d&rsquo;http en https Intro s&rsquo;il en faut Achat d&rsquo;un nom de domaine Le probl\u00e8me est que la session de dialogue entre serveur et client n&rsquo;est pas chiffr\u00e9e et cela pose de nombreux probl\u00e8mes. Le plus sensible est lorsque l&rsquo;on veut se connecter aux sessions\u2026","_links":{"self":[{"href":"https:\/\/www.webodesign.net\/index.php?rest_route=\/wp\/v2\/pages\/1886"}],"collection":[{"href":"https:\/\/www.webodesign.net\/index.php?rest_route=\/wp\/v2\/pages"}],"about":[{"href":"https:\/\/www.webodesign.net\/index.php?rest_route=\/wp\/v2\/types\/page"}],"author":[{"embeddable":true,"href":"https:\/\/www.webodesign.net\/index.php?rest_route=\/wp\/v2\/users\/3"}],"replies":[{"embeddable":true,"href":"https:\/\/www.webodesign.net\/index.php?rest_route=%2Fwp%2Fv2%2Fcomments&post=1886"}],"version-history":[{"count":10,"href":"https:\/\/www.webodesign.net\/index.php?rest_route=\/wp\/v2\/pages\/1886\/revisions"}],"predecessor-version":[{"id":2168,"href":"https:\/\/www.webodesign.net\/index.php?rest_route=\/wp\/v2\/pages\/1886\/revisions\/2168"}],"up":[{"embeddable":true,"href":"https:\/\/www.webodesign.net\/index.php?rest_route=\/wp\/v2\/pages\/658"}],"wp:attachment":[{"href":"https:\/\/www.webodesign.net\/index.php?rest_route=%2Fwp%2Fv2%2Fmedia&parent=1886"}],"curies":[{"name":"wp","href":"https:\/\/api.w.org\/{rel}","templated":true}]}}